{"id":30,"date":"2018-03-05T18:51:15","date_gmt":"2018-03-05T18:51:15","guid":{"rendered":"http:\/\/xn--comitdequartierdupar-f2b.apps-1and1.net\/?page_id=30"},"modified":"2018-04-12T13:10:13","modified_gmt":"2018-04-12T13:10:13","slug":"archives","status":"publish","type":"page","link":"https:\/\/leparcstmaur.org\/?page_id=30","title":{"rendered":"Archives"},"content":{"rendered":"<p><span style=\"color: #000000;\">Vous trouverez ici les archives de la pr\u00e9c\u00e9dente version du site avec, outre le quotidien du quartier, les grands projets qui l&rsquo;on touch\u00e9 !<\/span><\/p>\n<p><a href=\"https:\/\/leparcstmaur.org\/archives\/archives-2014\">Archives 2015<\/a><\/p>\n<p><a href=\"https:\/\/leparcstmaur.org\/archives\/archives-2014\">Archives 2014<\/a><\/p>\n<p><a href=\"https:\/\/leparcstmaur.org\/archives\/archives-2013\">Archives 2013<\/a><\/p>\n<p><a href=\"https:\/\/leparcstmaur.org\/archives\/86-2\">Archives 2012<\/a><\/p>\n<p><a href=\"https:\/\/leparcstmaur.org\/archives\/archives-2011\">Archives 2011<\/a><\/p>\n<p><a href=\"https:\/\/leparcstmaur.org\/?page_id=61\">Archives 2010 <\/a>:&nbsp;La neige \u00e0 Saint Maur, Grand Paris, Arc Express, voitures anciennes, Premier diner de rue, D\u00e9but des travaux Parking M\u00e9dicis, Antennes relais, R\u00e9flexion sur le dette, Abattage des Marronniers<\/p>\n<p><a href=\"https:\/\/leparcstmaur.org\/?page_id=53\">Archives 2009<\/a> <span style=\"color: #000000;\">: Cr\u00e9ation de notre association !!,<\/span> <span style=\"color: #000000;\">Am\u00e9nagement Avenue Joffre, D\u00e9marrage du Grand Paris<\/span><\/p>\n","protected":false},"excerpt":{"rendered":"<p>Vous trouverez ici les archives de la pr\u00e9c\u00e9dente version du site avec, outre le quotidien du quartier, les grands projets qui l&rsquo;on touch\u00e9 ! Archives 2015 Archives 2014 Archives 2013 Archives 2012 Archives 2011 Archives 2010 :&nbsp;La neige \u00e0 Saint Maur, Grand Paris, Arc Express, voitures anciennes, Premier diner de &hellip;<\/p>\n","protected":false},"author":1,"featured_media":0,"parent":0,"menu_order":0,"comment_status":"closed","ping_status":"closed","template":"","meta":{"ngg_post_thumbnail":0,"footnotes":""},"class_list":["post-30","page","type-page","status-publish","hentry"],"_links":{"self":[{"href":"https:\/\/leparcstmaur.org\/index.php?rest_route=\/wp\/v2\/pages\/30","targetHints":{"allow":["GET"]}}],"collection":[{"href":"https:\/\/leparcstmaur.org\/index.php?rest_route=\/wp\/v2\/pages"}],"about":[{"href":"https:\/\/leparcstmaur.org\/index.php?rest_route=\/wp\/v2\/types\/page"}],"author":[{"embeddable":true,"href":"https:\/\/leparcstmaur.org\/index.php?rest_route=\/wp\/v2\/users\/1"}],"replies":[{"embeddable":true,"href":"https:\/\/leparcstmaur.org\/index.php?rest_route=%2Fwp%2Fv2%2Fcomments&post=30"}],"version-history":[{"count":10,"href":"https:\/\/leparcstmaur.org\/index.php?rest_route=\/wp\/v2\/pages\/30\/revisions"}],"predecessor-version":[{"id":214,"href":"https:\/\/leparcstmaur.org\/index.php?rest_route=\/wp\/v2\/pages\/30\/revisions\/214"}],"wp:attachment":[{"href":"https:\/\/leparcstmaur.org\/index.php?rest_route=%2Fwp%2Fv2%2Fmedia&parent=30"}],"curies":[{"name":"wp","href":"https:\/\/api.w.org\/{rel}","templated":true}]}}